{"id":3790,"date":"2022-08-18T16:06:09","date_gmt":"2022-08-18T19:06:09","guid":{"rendered":"https:\/\/mecanicaporta.com.ar\/agroindustrial\/producto\/media-sombra\/"},"modified":"2026-05-15T08:07:17","modified_gmt":"2026-05-15T11:07:17","slug":"media-sombra","status":"publish","type":"product","link":"https:\/\/mecanicaporta.com.ar\/agroindustrial\/producto\/media-sombra\/","title":{"rendered":"Media Sombra para Vacas &#8211; M\u00f3viles &#8211;  ( Sin IVA) &#8211; Porta Agroindustrial"},"content":{"rendered":"<p>En campos argentinos, nuestras media sombras son utilizadas diariamente para las jornadas de alta temperatura.<\/p>\n<ul>\n<li>Largo: 9 mts | Alto: 3 mts | Ancho: 4,5 mts.<\/li>\n<li>Capacidad para 20 animales.<\/li>\n<li>Media sombra del 95%, con ojales y soga.<\/li>\n<li>Desarmable para env\u00edos.<\/li>\n<li>Patines para traslado.<\/li>\n<li>Modelos especiales para terneros.<\/li>\n<\/ul>\n","protected":false},"excerpt":{"rendered":"<p>La media sombra para ganado de Porta Agroindustrial est\u00e1 dise\u00f1ada para brindar protecci\u00f3n en sistemas productivos, permitiendo generar sombra en corrales y \u00e1reas de alimentaci\u00f3n. Fabricada con estructura de ca\u00f1o petrolero y pensada para el uso diario en el campo argentino.<\/p>\n","protected":false},"featured_media":4067,"comment_status":"open","ping_status":"closed","template":"","meta":{"_joinchat":[]},"product_cat":[15],"product_tag":[531,530,529],"_links":{"self":[{"href":"https:\/\/mecanicaporta.com.ar\/agroindustrial\/wp-json\/wp\/v2\/product\/3790"}],"collection":[{"href":"https:\/\/mecanicaporta.com.ar\/agroindustrial\/wp-json\/wp\/v2\/product"}],"about":[{"href":"https:\/\/mecanicaporta.com.ar\/agroindustrial\/wp-json\/wp\/v2\/types\/product"}],"replies":[{"embeddable":true,"href":"https:\/\/mecanicaporta.com.ar\/agroindustrial\/wp-json\/wp\/v2\/comments?post=3790"}],"wp:featuredmedia":[{"embeddable":true,"href":"https:\/\/mecanicaporta.com.ar\/agroindustrial\/wp-json\/wp\/v2\/media\/4067"}],"wp:attachment":[{"href":"https:\/\/mecanicaporta.com.ar\/agroindustrial\/wp-json\/wp\/v2\/media?parent=3790"}],"wp:term":[{"taxonomy":"product_cat","embeddable":true,"href":"https:\/\/mecanicaporta.com.ar\/agroindustrial\/wp-json\/wp\/v2\/product_cat?post=3790"},{"taxonomy":"product_tag","embeddable":true,"href":"https:\/\/mecanicaporta.com.ar\/agroindustrial\/wp-json\/wp\/v2\/product_tag?post=3790"}],"curies":[{"name":"wp","href":"https:\/\/api.w.org\/{rel}","templated":true}]}}