{"id":4021,"date":"2024-05-31T09:54:56","date_gmt":"2024-05-31T12:54:56","guid":{"rendered":"https:\/\/mecanicaporta.com.ar\/agroindustrial\/?post_type=product&#038;p=4021"},"modified":"2026-03-17T11:21:56","modified_gmt":"2026-03-17T14:21:56","slug":"comedero-de-goma","status":"publish","type":"product","link":"https:\/\/mecanicaporta.com.ar\/agroindustrial\/producto\/comedero-de-goma\/","title":{"rendered":"Comedero de Goma para vacas ( sin IVA) &#8211; Porta Agroindustrial"},"content":{"rendered":"<p>&nbsp;<\/p>\n<div style=\"max-width: 1000px; margin: auto; background: white; padding: 20px; border-radius: 8px; box-shadow: 0 0 10px rgba(0,0,0,0.1);\">\n<h2 style=\"text-align: center; margin-bottom: 20px; font-size: 1.5rem; color: #333;\">\ud83d\udc04 Comparativa de Comederos de Goma &#8211; Porta Agroindustrial<\/h2>\n<div style=\"overflow-x: auto;\">\n<table style=\"width: 100%; border-collapse: collapse;\">\n<thead>\n<tr>\n<th style=\"background-color: #f2f2f2; padding: 12px; text-align: left; font-weight: bold; border-bottom: 2px solid #ddd;\">Caracter\u00edstica<\/th>\n<th style=\"background-color: #f2f2f2; padding: 12px; text-align: left; font-weight: bold; border-bottom: 2px solid #ddd;\">L\u00ednea Liviana<\/th>\n<th style=\"background-color: #f2f2f2; padding: 12px; text-align: left; font-weight: bold; border-bottom: 2px solid #ddd;\">L\u00ednea Pesada<\/th>\n<\/tr>\n<\/thead>\n<tbody>\n<tr style=\"background-color: #fafafa;\">\n<td style=\"padding: 12px; border-bottom: 1px solid #ddd;\">Largo<\/td>\n<td style=\"padding: 12px; border-bottom: 1px solid #ddd;\">6 metros<\/td>\n<td style=\"padding: 12px; border-bottom: 1px solid #ddd;\">9 metros<\/td>\n<\/tr>\n<tr>\n<td style=\"padding: 12px; border-bottom: 1px solid #ddd;\">Ancho interior<\/td>\n<td style=\"padding: 12px; border-bottom: 1px solid #ddd;\">0,85 metros<\/td>\n<td style=\"padding: 12px; border-bottom: 1px solid #ddd;\">1 metro<\/td>\n<\/tr>\n<tr>\n<td style=\"padding: 10px; border: 1px solid #ccc;\">Alto<\/td>\n<td style=\"padding: 10px; border: 1px solid #ccc;\">0.65 metros<\/td>\n<td style=\"padding: 10px; border: 1px solid #ccc;\">0.65 metros<\/td>\n<\/tr>\n<tr>\n<td style=\"padding: 12px; border-bottom: 1px solid #ddd;\">Capacidad<\/td>\n<td style=\"padding: 12px; border-bottom: 1px solid #ddd;\">230 litros por metro \ud83c\udf3d<\/td>\n<td style=\"padding: 12px; border-bottom: 1px solid #ddd;\">344 litros por metro \ud83c\udf3d<\/td>\n<\/tr>\n<tr style=\"background-color: #fafafa;\">\n<td style=\"padding: 12px; border-bottom: 1px solid #ddd;\">Tipo de Patines<\/td>\n<td style=\"padding: 12px; border-bottom: 1px solid #ddd;\">Ca\u00f1o petrolero<\/td>\n<td style=\"padding: 12px; border-bottom: 1px solid #ddd;\">Ca\u00f1o petrolero<\/td>\n<\/tr>\n<tr>\n<td style=\"padding: 12px; border-bottom: 1px solid #ddd;\">Bacha<\/td>\n<td style=\"padding: 12px; border-bottom: 1px solid #ddd;\">Goma y tela<\/td>\n<td style=\"padding: 12px; border-bottom: 1px solid #ddd;\">Goma y tela<\/td>\n<\/tr>\n<tr style=\"background-color: #fafafa;\">\n<td style=\"padding: 12px; border-bottom: 1px solid #ddd;\">Estructura<\/td>\n<td style=\"padding: 12px; border-bottom: 1px solid #ddd;\">Ca\u00f1o petrolero<\/td>\n<td style=\"padding: 12px; border-bottom: 1px solid #ddd;\">Ca\u00f1o petrolero<\/td>\n<\/tr>\n<\/tbody>\n<\/table>\n<\/div>\n<\/div>\n<p><script>\n    function makeResponsive() {\n      if (window.innerWidth < 600) { const table = document.querySelector(\"table\"); const rows = table.querySelectorAll(\"tbody tr\"); const headers = Array.from(table.querySelectorAll(\"thead th\")).map(th => th.innerText);\n        rows.forEach(row => {\n          const cells = row.querySelectorAll(\"td\");\n          cells.forEach((cell, index) => {\n            cell.setAttribute(\"style\", cell.getAttribute(\"style\") + \";display:block;text-align:right;padding-left:50%;position:relative;\");\n            const label = headers[index];\n            cell.innerHTML = \"<span style='position:absolute;left:12px;width:45%;font-weight:bold;text-align:left;color:#555;'>\" + label + \":<\/span>\" + cell.innerHTML;\n          });\n        });\n        table.querySelector(\"thead\").style.display = \"none\";\n      }\n    }\n    window.addEventListener('DOMContentLoaded', makeResponsive);\n    window.addEventListener('resize', () => location.reload());\n  <\/script><\/p>\n","protected":false},"excerpt":{"rendered":"<p>Nuestros comederos de goma para ganado est\u00e1n dise\u00f1ados para el uso intensivo en el campo, brindando resistencia, flexibilidad y durabilidad en sistemas de alimentaci\u00f3n. Son ideales para feedlot, tambos y productores<\/p>\n","protected":false},"featured_media":4262,"comment_status":"open","ping_status":"closed","template":"","meta":{"_joinchat":[]},"product_cat":[15],"product_tag":[544,541,542,543],"_links":{"self":[{"href":"https:\/\/mecanicaporta.com.ar\/agroindustrial\/wp-json\/wp\/v2\/product\/4021"}],"collection":[{"href":"https:\/\/mecanicaporta.com.ar\/agroindustrial\/wp-json\/wp\/v2\/product"}],"about":[{"href":"https:\/\/mecanicaporta.com.ar\/agroindustrial\/wp-json\/wp\/v2\/types\/product"}],"replies":[{"embeddable":true,"href":"https:\/\/mecanicaporta.com.ar\/agroindustrial\/wp-json\/wp\/v2\/comments?post=4021"}],"wp:featuredmedia":[{"embeddable":true,"href":"https:\/\/mecanicaporta.com.ar\/agroindustrial\/wp-json\/wp\/v2\/media\/4262"}],"wp:attachment":[{"href":"https:\/\/mecanicaporta.com.ar\/agroindustrial\/wp-json\/wp\/v2\/media?parent=4021"}],"wp:term":[{"taxonomy":"product_cat","embeddable":true,"href":"https:\/\/mecanicaporta.com.ar\/agroindustrial\/wp-json\/wp\/v2\/product_cat?post=4021"},{"taxonomy":"product_tag","embeddable":true,"href":"https:\/\/mecanicaporta.com.ar\/agroindustrial\/wp-json\/wp\/v2\/product_tag?post=4021"}],"curies":[{"name":"wp","href":"https:\/\/api.w.org\/{rel}","templated":true}]}}