{"id":4928,"date":"2025-07-31T09:11:46","date_gmt":"2025-07-31T12:11:46","guid":{"rendered":"https:\/\/mecanicaporta.com.ar\/agroindustrial\/?post_type=product&#038;p=4928"},"modified":"2026-03-17T11:47:04","modified_gmt":"2026-03-17T14:47:04","slug":"bebedero-de-batea-de-polietileno","status":"publish","type":"product","link":"https:\/\/mecanicaporta.com.ar\/agroindustrial\/producto\/bebedero-de-batea-de-polietileno\/","title":{"rendered":"Bebedero para vacas de Batea de Polietileno &#8211; Porta Agroindustrial"},"content":{"rendered":"<p>Largo: 4 metros<br \/>\nAncho interior: 0,80 metros<br \/>\nAlto: 0,65 metros<br \/>\nCapacidad: 200 litros por metro<\/p>\n<p>Caracter\u00edsticas<\/p>\n<ul>\n<li>Patas rectas de ca\u00f1os petrolero y enganche para traslados<\/li>\n<li>Bacha de polietileno virgen al 100% de 6 mm de espesor<\/li>\n<li>Material con protecci\u00f3n UV y at\u00f3xico<\/li>\n<li>Estructura de ca\u00f1o petrolero<\/li>\n<li>Tap\u00f3n de pl\u00e1stico de 2\u201d<\/li>\n<li>No incluye el flotante<\/li>\n<\/ul>\n","protected":false},"excerpt":{"rendered":"<p>Largo: 4 metros Ancho interior: 0,80 metros Alto: 0,65 metros Capacidad: 200 litros por metro Caracter\u00edsticas Patas rectas de ca\u00f1os petrolero y enganche para traslados Bacha de polietileno virgen al 100% de 6 mm de espesor Material con protecci\u00f3n UV y at\u00f3xico Estructura de ca\u00f1o petrolero Tap\u00f3n de pl\u00e1stico de 2\u201d No incluye el flotante<\/p>\n","protected":false},"featured_media":4929,"comment_status":"open","ping_status":"closed","template":"","meta":{"_joinchat":[]},"product_cat":[15],"product_tag":[538,557,556],"_links":{"self":[{"href":"https:\/\/mecanicaporta.com.ar\/agroindustrial\/wp-json\/wp\/v2\/product\/4928"}],"collection":[{"href":"https:\/\/mecanicaporta.com.ar\/agroindustrial\/wp-json\/wp\/v2\/product"}],"about":[{"href":"https:\/\/mecanicaporta.com.ar\/agroindustrial\/wp-json\/wp\/v2\/types\/product"}],"replies":[{"embeddable":true,"href":"https:\/\/mecanicaporta.com.ar\/agroindustrial\/wp-json\/wp\/v2\/comments?post=4928"}],"wp:featuredmedia":[{"embeddable":true,"href":"https:\/\/mecanicaporta.com.ar\/agroindustrial\/wp-json\/wp\/v2\/media\/4929"}],"wp:attachment":[{"href":"https:\/\/mecanicaporta.com.ar\/agroindustrial\/wp-json\/wp\/v2\/media?parent=4928"}],"wp:term":[{"taxonomy":"product_cat","embeddable":true,"href":"https:\/\/mecanicaporta.com.ar\/agroindustrial\/wp-json\/wp\/v2\/product_cat?post=4928"},{"taxonomy":"product_tag","embeddable":true,"href":"https:\/\/mecanicaporta.com.ar\/agroindustrial\/wp-json\/wp\/v2\/product_tag?post=4928"}],"curies":[{"name":"wp","href":"https:\/\/api.w.org\/{rel}","templated":true}]}}