{"id":3100,"date":"2020-08-31T16:09:30","date_gmt":"2020-08-31T19:09:30","guid":{"rendered":"https:\/\/mecanicaporta.com.ar\/autoelevadores\/?post_type=product&#038;p=3100"},"modified":"2026-04-27T23:45:31","modified_gmt":"2026-04-28T02:45:31","slug":"extensor-alargue-prolongador-de-unas","status":"publish","type":"product","link":"https:\/\/mecanicaporta.com.ar\/autoelevadores\/producto\/extensor-alargue-prolongador-de-unas\/","title":{"rendered":"<strong>Extensor \/ Alargue \/ Prolongador de u\u00f1as &#8211; Porta Autoelevadores<\/strong>"},"content":{"rendered":"<p>Este accesorio de alta resistencia y durabilidad es indispensable para el manejo de cargas de gran volumen.<br \/>\nCargue o descargue camiones desde un solo lado.<\/p>\n<ul>\n<li>Construcci\u00f3n robusta de acero soldado.<\/li>\n<li>Perno pasante con traba de seguridad.<\/li>\n<li>Extra\u00edbles.<\/li>\n<li>Adaptable a todo tipo de autoelevador.<\/li>\n<li>Disponibles en largos de 1.500, 1.800 y 2.500 mm.<\/li>\n<\/ul>\n<p>Seg\u00fan norma ISO 13284, la longitud de la prolongaci\u00f3n, debe como m\u00ednimo cubrir el 65\/70% de la u\u00f1a del autoelevador, entonces: Largo de u\u00f1a\/0,65=largo m\u00e1ximo total del extensor.<\/p>\n<style>\n<p>.center-container {\n  display: flex;\n  justify-content: center;\n  align-items: center;\n  position: sticky;\n}<\/p>\n<p>.color-button {\nbackground-color: #d14d12;\n}<\/p>\n<\/style>\n<p><a href=\"https:\/\/api.whatsapp.com\/send?phone=543564507433\" type=\"submit\" class=\"single_add_to_cart_button color-button button alt\">Consultar Cotizaci\u00f3n<\/a> <\/p>\n","protected":false},"excerpt":{"rendered":"<p><strong>Marca:<\/strong> Porta<\/p>\n","protected":false},"featured_media":5067,"comment_status":"open","ping_status":"closed","template":"","meta":{"_joinchat":[]},"product_brand":[],"product_cat":[523],"product_tag":[526,527,528,529],"class_list":{"0":"post-3100","1":"product","2":"type-product","3":"status-publish","4":"has-post-thumbnail","6":"product_cat-aditamentos-para-autoelevador","7":"product_tag-alargue","8":"product_tag-extensor","9":"product_tag-prolongador","10":"product_tag-unas-autoelevador","12":"first","13":"instock","14":"shipping-taxable","15":"product-type-simple","16":"prodpage-style2"},"_links":{"self":[{"href":"https:\/\/mecanicaporta.com.ar\/autoelevadores\/wp-json\/wp\/v2\/product\/3100","targetHints":{"allow":["GET"]}}],"collection":[{"href":"https:\/\/mecanicaporta.com.ar\/autoelevadores\/wp-json\/wp\/v2\/product"}],"about":[{"href":"https:\/\/mecanicaporta.com.ar\/autoelevadores\/wp-json\/wp\/v2\/types\/product"}],"replies":[{"embeddable":true,"href":"https:\/\/mecanicaporta.com.ar\/autoelevadores\/wp-json\/wp\/v2\/comments?post=3100"}],"wp:featuredmedia":[{"embeddable":true,"href":"https:\/\/mecanicaporta.com.ar\/autoelevadores\/wp-json\/wp\/v2\/media\/5067"}],"wp:attachment":[{"href":"https:\/\/mecanicaporta.com.ar\/autoelevadores\/wp-json\/wp\/v2\/media?parent=3100"}],"wp:term":[{"taxonomy":"product_brand","embeddable":true,"href":"https:\/\/mecanicaporta.com.ar\/autoelevadores\/wp-json\/wp\/v2\/product_brand?post=3100"},{"taxonomy":"product_cat","embeddable":true,"href":"https:\/\/mecanicaporta.com.ar\/autoelevadores\/wp-json\/wp\/v2\/product_cat?post=3100"},{"taxonomy":"product_tag","embeddable":true,"href":"https:\/\/mecanicaporta.com.ar\/autoelevadores\/wp-json\/wp\/v2\/product_tag?post=3100"}],"curies":[{"name":"wp","href":"https:\/\/api.w.org\/{rel}","templated":true}]}}