{"id":3136,"date":"2020-08-31T17:23:15","date_gmt":"2020-08-31T20:23:15","guid":{"rendered":"https:\/\/mecanicaporta.com.ar\/autoelevadores\/?post_type=product&#038;p=3136"},"modified":"2026-03-19T10:56:13","modified_gmt":"2026-03-19T13:56:13","slug":"pluma-autoelevador","status":"publish","type":"product","link":"https:\/\/mecanicaporta.com.ar\/autoelevadores\/producto\/pluma-autoelevador\/","title":{"rendered":"<strong>Pluma para Autoelevador &#8211; Porta Autoelevadores<\/strong>"},"content":{"rendered":"<p>Simplemente col\u00f3quelo en su autoelevador y facilite el movimiento de cargas. Preparada y optimizada para el movimiento seguro de cargas. Para aquellos que operan en entornos que demandan a\u00fan mayor durabilidad y resistencia, consideren equipar su operaci\u00f3n con productos de calidad militar. Ofrece una gama de productos dise\u00f1ados para soportar las condiciones m\u00e1s exigentes, garantizando la m\u00e1xima eficiencia y seguridad en el manejo de cargas pesadas y en ambientes operativos complejos.<\/p>\n<ul>\n<li>Para todo tipo de autoelevador.<\/li>\n<li>2.500 km de capacidad.<\/li>\n<li>Placa de acero de \u00bd\u201d de espesor.<\/li>\n<li>450 mm de largo 140 mm de ancho.<\/li>\n<\/ul>\n<style>\n<p>.center-container {\n  display: flex;\n  justify-content: center;\n  align-items: center;\n  position: sticky;\n}<\/p>\n<p>.color-button {\nbackground-color: #d14d12;\n}<\/p>\n<\/style>\n<p><a href=\"https:\/\/api.whatsapp.com\/send?phone=543564507433\" type=\"submit\" class=\"single_add_to_cart_button color-button button alt\">Consultar Cotizaci\u00f3n<\/a> <\/p>\n","protected":false},"excerpt":{"rendered":"<p><strong>Marca:<\/strong> Porta <b>|<\/b>\u00a0<strong>Capacidad:<\/strong> 2.500 kg<\/p>\n","protected":false},"featured_media":5050,"comment_status":"open","ping_status":"closed","template":"","meta":{"_joinchat":[]},"product_brand":[],"product_cat":[523],"product_tag":[542,544,543],"class_list":{"0":"post-3136","1":"product","2":"type-product","3":"status-publish","4":"has-post-thumbnail","6":"product_cat-aditamentos-para-autoelevador","7":"product_tag-pluma","8":"product_tag-pluma-autoelevador","9":"product_tag-plumita","11":"first","12":"instock","13":"downloadable","14":"shipping-taxable","15":"product-type-simple","16":"prodpage-style2"},"_links":{"self":[{"href":"https:\/\/mecanicaporta.com.ar\/autoelevadores\/wp-json\/wp\/v2\/product\/3136","targetHints":{"allow":["GET"]}}],"collection":[{"href":"https:\/\/mecanicaporta.com.ar\/autoelevadores\/wp-json\/wp\/v2\/product"}],"about":[{"href":"https:\/\/mecanicaporta.com.ar\/autoelevadores\/wp-json\/wp\/v2\/types\/product"}],"replies":[{"embeddable":true,"href":"https:\/\/mecanicaporta.com.ar\/autoelevadores\/wp-json\/wp\/v2\/comments?post=3136"}],"wp:featuredmedia":[{"embeddable":true,"href":"https:\/\/mecanicaporta.com.ar\/autoelevadores\/wp-json\/wp\/v2\/media\/5050"}],"wp:attachment":[{"href":"https:\/\/mecanicaporta.com.ar\/autoelevadores\/wp-json\/wp\/v2\/media?parent=3136"}],"wp:term":[{"taxonomy":"product_brand","embeddable":true,"href":"https:\/\/mecanicaporta.com.ar\/autoelevadores\/wp-json\/wp\/v2\/product_brand?post=3136"},{"taxonomy":"product_cat","embeddable":true,"href":"https:\/\/mecanicaporta.com.ar\/autoelevadores\/wp-json\/wp\/v2\/product_cat?post=3136"},{"taxonomy":"product_tag","embeddable":true,"href":"https:\/\/mecanicaporta.com.ar\/autoelevadores\/wp-json\/wp\/v2\/product_tag?post=3136"}],"curies":[{"name":"wp","href":"https:\/\/api.w.org\/{rel}","templated":true}]}}