{"id":3398,"date":"2021-02-24T12:20:17","date_gmt":"2021-02-24T15:20:17","guid":{"rendered":"https:\/\/mecanicaporta.com.ar\/autoelevadores\/?post_type=product&#038;p=3398"},"modified":"2026-03-19T10:29:40","modified_gmt":"2026-03-19T13:29:40","slug":"pala-cargadora-heli-zl12","status":"publish","type":"product","link":"https:\/\/mecanicaporta.com.ar\/autoelevadores\/producto\/pala-cargadora-heli-zl12\/","title":{"rendered":"<strong>Pala Cargadora Heli ZL12 &#8211; Porta Autoelevadores <\/strong>"},"content":{"rendered":"<h3><strong>CAPACIDADES<\/strong><\/h3>\n<ul>\n<li>Carga m\u00e1xima: 1.200 kg.<\/li>\n<li>Volumen balde: \u00bd mts\u00b3 (Opcional balde de 1 mts\u00b3).<\/li>\n<li>Peso del equipo: 3.200 kg.<\/li>\n<li>Altura m\u00e1xima de balde para volcado: 3.200 mm (balde 45 \u00ba).<\/li>\n<li>Altura de pernos balde: 3.500 mm.<\/li>\n<li>Largo total: 5.300 mm.<\/li>\n<li>Altura de cabina: 2.440 mm.<\/li>\n<li>Rodado del. y tras.: 12\/16.5<\/li>\n<\/ul>\n<h3><strong>MOTOR<\/strong><\/h3>\n<ul>\n<li>EURO III XG C490BT1-3 | EURO III (xinchai). Cumple con las normas Euro III (calidad y contaminaci\u00f3n).<\/li>\n<li>4 Cilindros \u2013 50 HP.<\/li>\n<li>Inyecci\u00f3n directa.<\/li>\n<li>Refrigerado por agua.<\/li>\n<li>4.3 lts de cilindrada.<\/li>\n<\/ul>\n<h3><strong>TRANSMISI\u00d3N<\/strong><\/h3>\n<ul>\n<li>Automatica POWERSHIFT 4 Marchas \u2013 Alta y baja. TIPO CLARK<\/li>\n<\/ul>\n<h3><strong>CABINA<\/strong><\/h3>\n<ul>\n<li>Vidriada con gran visibilidad, confortable, asiento con suspensi\u00f3n.<\/li>\n<li>Tablero completo indicadores mec\u00e1nicos de precisi\u00f3n (hor\u00f3metro, bater\u00eda, aceite, hidr\u00e1ulico, transmisi\u00f3n).<\/li>\n<\/ul>\n<p>&nbsp;<\/p>\n<p>&nbsp;<\/p>\n<p>&nbsp;<\/p>\n<style>\n<p>.center-container {\n  display: flex;\n  justify-content: center;\n  align-items: center;\n  position: sticky;\n}<\/p>\n<p>.color-button {\nbackground-color: #d14d12;\n}<\/p>\n<\/style>\n<p><a href=\"https:\/\/api.whatsapp.com\/send?phone=543564507433\" type=\"submit\" class=\"single_add_to_cart_button color-button button alt\">Consultar Cotizaci\u00f3n<\/a> <\/p>\n","protected":false},"excerpt":{"rendered":"<p><strong>Marca:<\/strong> Heli | <strong>Capacidad:<\/strong> 1.200 kg<\/p>\n","protected":false},"featured_media":3399,"comment_status":"open","ping_status":"closed","template":"","meta":{"_joinchat":[]},"product_brand":[],"product_cat":[522],"product_tag":[517,531,530,574,576],"class_list":{"0":"post-3398","1":"product","2":"type-product","3":"status-publish","4":"has-post-thumbnail","6":"product_cat-palas-cargadoras","7":"product_tag-heli","8":"product_tag-pala","9":"product_tag-pala-cargadora","10":"product_tag-pala-vial","11":"product_tag-zl12","13":"first","14":"onbackorder","15":"featured","16":"downloadable","17":"shipping-taxable","18":"product-type-simple","19":"prodpage-style2"},"_links":{"self":[{"href":"https:\/\/mecanicaporta.com.ar\/autoelevadores\/wp-json\/wp\/v2\/product\/3398","targetHints":{"allow":["GET"]}}],"collection":[{"href":"https:\/\/mecanicaporta.com.ar\/autoelevadores\/wp-json\/wp\/v2\/product"}],"about":[{"href":"https:\/\/mecanicaporta.com.ar\/autoelevadores\/wp-json\/wp\/v2\/types\/product"}],"replies":[{"embeddable":true,"href":"https:\/\/mecanicaporta.com.ar\/autoelevadores\/wp-json\/wp\/v2\/comments?post=3398"}],"wp:featuredmedia":[{"embeddable":true,"href":"https:\/\/mecanicaporta.com.ar\/autoelevadores\/wp-json\/wp\/v2\/media\/3399"}],"wp:attachment":[{"href":"https:\/\/mecanicaporta.com.ar\/autoelevadores\/wp-json\/wp\/v2\/media?parent=3398"}],"wp:term":[{"taxonomy":"product_brand","embeddable":true,"href":"https:\/\/mecanicaporta.com.ar\/autoelevadores\/wp-json\/wp\/v2\/product_brand?post=3398"},{"taxonomy":"product_cat","embeddable":true,"href":"https:\/\/mecanicaporta.com.ar\/autoelevadores\/wp-json\/wp\/v2\/product_cat?post=3398"},{"taxonomy":"product_tag","embeddable":true,"href":"https:\/\/mecanicaporta.com.ar\/autoelevadores\/wp-json\/wp\/v2\/product_tag?post=3398"}],"curies":[{"name":"wp","href":"https:\/\/api.w.org\/{rel}","templated":true}]}}