{"id":3466,"date":"2021-07-20T08:10:40","date_gmt":"2021-07-20T11:10:40","guid":{"rendered":"http:\/\/mecanicaporta.com.ar\/autoelevadores\/?post_type=product&#038;p=3466"},"modified":"2026-03-19T10:28:54","modified_gmt":"2026-03-19T13:28:54","slug":"gancho-para-bolsones-big-bag-bajo","status":"publish","type":"product","link":"https:\/\/mecanicaporta.com.ar\/autoelevadores\/producto\/gancho-para-bolsones-big-bag-bajo\/","title":{"rendered":"<strong>Gancho para bolsones Big Bag bajo &#8211; Porta Autoelevadores<\/strong>"},"content":{"rendered":"<p>Ideal para estibar y manipular de manera sencilla y segura sus bolsas BIG BAG.<br \/>\nCol\u00f3quelo en las u\u00f1as del autoelevador y estar\u00e1 listo para ser usado.<\/p>\n<ul>\n<li>Mantiene la funcionabilidad del autoelevador.<\/li>\n<li>4 puntos de sujeci\u00f3n para bolsa.<\/li>\n<li>Capacidad 1500 kg.<\/li>\n<li>Ancho 800 mm, largo \u00fatil de 1.100 mm.<\/li>\n<li>Adaptable a todo tipo y marca de autoelevador.<\/li>\n<\/ul>\n<style>\n<p>.center-container {\n  display: flex;\n  justify-content: center;\n  align-items: center;\n  position: sticky;\n}<\/p>\n<p>.color-button {\nbackground-color: #d14d12;\n}<\/p>\n<\/style>\n<p><a href=\"https:\/\/api.whatsapp.com\/send?phone=543564507433\" type=\"submit\" class=\"single_add_to_cart_button color-button button alt\">Consultar Cotizaci\u00f3n<\/a> <\/p>\n","protected":false},"excerpt":{"rendered":"<p><strong>Marca:<\/strong> Porta | <strong>Capacidad:<\/strong> 1.500 kg<\/p>\n","protected":false},"featured_media":3467,"comment_status":"open","ping_status":"closed","template":"","meta":{"_joinchat":[]},"product_brand":[],"product_cat":[523],"product_tag":[535,534,536,533],"class_list":{"0":"post-3466","1":"product","2":"type-product","3":"status-publish","4":"has-post-thumbnail","6":"product_cat-aditamentos-para-autoelevador","7":"product_tag-big-bag","8":"product_tag-bolson","9":"product_tag-bolson-big-bag","10":"product_tag-gancho","12":"first","13":"instock","14":"downloadable","15":"shipping-taxable","16":"product-type-simple","17":"prodpage-style2"},"_links":{"self":[{"href":"https:\/\/mecanicaporta.com.ar\/autoelevadores\/wp-json\/wp\/v2\/product\/3466","targetHints":{"allow":["GET"]}}],"collection":[{"href":"https:\/\/mecanicaporta.com.ar\/autoelevadores\/wp-json\/wp\/v2\/product"}],"about":[{"href":"https:\/\/mecanicaporta.com.ar\/autoelevadores\/wp-json\/wp\/v2\/types\/product"}],"replies":[{"embeddable":true,"href":"https:\/\/mecanicaporta.com.ar\/autoelevadores\/wp-json\/wp\/v2\/comments?post=3466"}],"wp:featuredmedia":[{"embeddable":true,"href":"https:\/\/mecanicaporta.com.ar\/autoelevadores\/wp-json\/wp\/v2\/media\/3467"}],"wp:attachment":[{"href":"https:\/\/mecanicaporta.com.ar\/autoelevadores\/wp-json\/wp\/v2\/media?parent=3466"}],"wp:term":[{"taxonomy":"product_brand","embeddable":true,"href":"https:\/\/mecanicaporta.com.ar\/autoelevadores\/wp-json\/wp\/v2\/product_brand?post=3466"},{"taxonomy":"product_cat","embeddable":true,"href":"https:\/\/mecanicaporta.com.ar\/autoelevadores\/wp-json\/wp\/v2\/product_cat?post=3466"},{"taxonomy":"product_tag","embeddable":true,"href":"https:\/\/mecanicaporta.com.ar\/autoelevadores\/wp-json\/wp\/v2\/product_tag?post=3466"}],"curies":[{"name":"wp","href":"https:\/\/api.w.org\/{rel}","templated":true}]}}