{"id":3515,"date":"2021-07-21T15:39:02","date_gmt":"2021-07-21T18:39:02","guid":{"rendered":"http:\/\/mecanicaporta.com.ar\/autoelevadores\/?post_type=product&#038;p=3515"},"modified":"2026-03-19T10:27:14","modified_gmt":"2026-03-19T13:27:14","slug":"autoelevador-heli-new-h-3000-kg","status":"publish","type":"product","link":"https:\/\/mecanicaporta.com.ar\/autoelevadores\/producto\/autoelevador-heli-new-h-3000-kg\/","title":{"rendered":"AU <strong> Heli New H &#8211; 3.000 KG &#8211; Porta Autoelevadores<\/strong>"},"content":{"rendered":"<h3><strong>Detalle T\u00e9cnico<\/strong><\/h3>\n<ul>\n<li><strong>Carga m\u00e1xima:<\/strong> 3.000 kg.<\/li>\n<li><strong>Torre:<\/strong> 3.700 mm. | 4.700 mm.<\/li>\n<li><strong>Desplazador Lateral:<\/strong> Cascade.<\/li>\n<li><strong>U\u00f1as:<\/strong> 1.070 mm.<\/li>\n<li><strong>Motor:<\/strong> Mitsubishi S4S<\/li>\n<li><strong>Transmisi\u00f3n:<\/strong> Autom\u00e1tica con convertidor de par<\/li>\n<\/ul>\n<p>Direcci\u00f3n hidrost\u00e1tica con cilindro \u00fanico de doble efecto.<br \/>\nSistema de Frenos a tambor con asistencia hidr\u00e1ulica.<br \/>\nCabina independiente y flotante del chasis, mejorando sistema de amortiguaci\u00f3n y vibraciones.<br \/>\nMayor apertura de capot a 90\u00ba para una mejor operatividad.<br \/>\nEspejo retrovisor perif\u00e9rico de gran amplitud visual.<br \/>\nComando de tracci\u00f3n electr\u00f3nico.<br \/>\nNuevo dise\u00f1o de refrigeraci\u00f3n del conjunto motriz.<br \/>\nTorre de gran visibilidad con sistema reductor de impacto entre colisas.<\/p>\n<style>\n<p>.center-container {\n  display: flex;\n  justify-content: center;\n  align-items: center;\n  position: sticky;\n}<\/p>\n<p>.color-button {\nbackground-color: #d14d12;\n}<\/p>\n<\/style>\n<p><a href=\"https:\/\/api.whatsapp.com\/send?phone=543564507433\" type=\"submit\" class=\"single_add_to_cart_button color-button button alt\">Consultar Cotizaci\u00f3n<\/a> <\/p>\n","protected":false},"excerpt":{"rendered":"<p><strong>Marca:<\/strong> Heli | <strong>Capacidad:<\/strong> 3.000 kg<\/p>\n","protected":false},"featured_media":6870,"comment_status":"open","ping_status":"closed","template":"","meta":{"_joinchat":[]},"product_brand":[],"product_cat":[553,15,831],"product_tag":[560,540,517,562],"class_list":{"0":"post-3515","1":"product","2":"type-product","3":"status-publish","4":"has-post-thumbnail","6":"product_cat-3000kg","7":"product_cat-autoelevadores","8":"product_cat-combustion","9":"product_tag-3000-kg","10":"product_tag-autoelevador","11":"product_tag-heli","12":"product_tag-new-h","14":"first","15":"onbackorder","16":"featured","17":"downloadable","18":"shipping-taxable","19":"product-type-simple","20":"prodpage-style2"},"_links":{"self":[{"href":"https:\/\/mecanicaporta.com.ar\/autoelevadores\/wp-json\/wp\/v2\/product\/3515","targetHints":{"allow":["GET"]}}],"collection":[{"href":"https:\/\/mecanicaporta.com.ar\/autoelevadores\/wp-json\/wp\/v2\/product"}],"about":[{"href":"https:\/\/mecanicaporta.com.ar\/autoelevadores\/wp-json\/wp\/v2\/types\/product"}],"replies":[{"embeddable":true,"href":"https:\/\/mecanicaporta.com.ar\/autoelevadores\/wp-json\/wp\/v2\/comments?post=3515"}],"wp:featuredmedia":[{"embeddable":true,"href":"https:\/\/mecanicaporta.com.ar\/autoelevadores\/wp-json\/wp\/v2\/media\/6870"}],"wp:attachment":[{"href":"https:\/\/mecanicaporta.com.ar\/autoelevadores\/wp-json\/wp\/v2\/media?parent=3515"}],"wp:term":[{"taxonomy":"product_brand","embeddable":true,"href":"https:\/\/mecanicaporta.com.ar\/autoelevadores\/wp-json\/wp\/v2\/product_brand?post=3515"},{"taxonomy":"product_cat","embeddable":true,"href":"https:\/\/mecanicaporta.com.ar\/autoelevadores\/wp-json\/wp\/v2\/product_cat?post=3515"},{"taxonomy":"product_tag","embeddable":true,"href":"https:\/\/mecanicaporta.com.ar\/autoelevadores\/wp-json\/wp\/v2\/product_tag?post=3515"}],"curies":[{"name":"wp","href":"https:\/\/api.w.org\/{rel}","templated":true}]}}