{"id":3517,"date":"2021-07-21T15:50:58","date_gmt":"2021-07-21T18:50:58","guid":{"rendered":"http:\/\/mecanicaporta.com.ar\/autoelevadores\/?post_type=product&#038;p=3517"},"modified":"2026-03-19T10:26:57","modified_gmt":"2026-03-19T13:26:57","slug":"autoelevador-heli-newh-3500-kg","status":"publish","type":"product","link":"https:\/\/mecanicaporta.com.ar\/autoelevadores\/producto\/autoelevador-heli-newh-3500-kg\/","title":{"rendered":"AU <strong> Heli New H &#8211; 3.500 KG &#8211; Porta Autoelevadores  <\/strong>"},"content":{"rendered":"<h3><strong>Detalle T\u00e9cnico<\/strong><\/h3>\n<ul>\n<li>Carga m\u00e1xima: 3.500 kg.<\/li>\n<li>Torre: 3.700 mm. | 4.350 mm.<\/li>\n<li>Desplazador Lateral: Cascade.<\/li>\n<li>U\u00f1as: 1.070 mm.<\/li>\n<li>Motor: Isuzu 4JG2 | Mitsubishi S4S |<\/li>\n<li>Transmisi\u00f3n: Aut. con convertidor de par<\/li>\n<\/ul>\n<p>&nbsp;<\/p>\n<p>Direcci\u00f3n hidrost\u00e1tica con cilindro \u00fanico de doble efecto.<\/p>\n<p>Sistema de Frenos a tambor con asistencia hidr\u00e1ulica.<\/p>\n<p>Cabina independiente y flotante del chasis, mejorando sistema de amortiguaci\u00f3n y vibraciones.<\/p>\n<p>Mayor apertura de capot a 90\u00ba para una mejor operatividad.<\/p>\n<p>Espejo retrovisor perif\u00e9rico de gran amplitud visual.<\/p>\n<p>Comando de tracci\u00f3n electr\u00f3nico.<\/p>\n<p>Nuevo dise\u00f1o de refrigeraci\u00f3n del conjunto motriz.<\/p>\n<p>Torre de gran visibilidad con sistema reductor de impacto entre colisas.<\/p>\n<style>\n<p>.center-container {\n  display: flex;\n  justify-content: center;\n  align-items: center;\n  position: sticky;\n}<\/p>\n<p>.color-button {\nbackground-color: #d14d12;<\/p>\n<\/style>\n<p><a href=\"https:\/\/api.whatsapp.com\/send?phone=543564507433\" type=\"submit\" class=\"single_add_to_cart_button color-button button alt\">Consultar Cotizaci\u00f3n<\/a> <\/p>\n","protected":false},"excerpt":{"rendered":"<p><strong>Marca:<\/strong> Heli | <strong>Capacidad:<\/strong> 3.500 kg<\/p>\n","protected":false},"featured_media":5823,"comment_status":"open","ping_status":"closed","template":"","meta":{"_joinchat":[]},"product_brand":[],"product_cat":[554,15,831],"product_tag":[561,540,517,562],"class_list":{"0":"post-3517","1":"product","2":"type-product","3":"status-publish","4":"has-post-thumbnail","6":"product_cat-3500kg","7":"product_cat-autoelevadores","8":"product_cat-combustion","9":"product_tag-3500-kg","10":"product_tag-autoelevador","11":"product_tag-heli","12":"product_tag-new-h","14":"first","15":"onbackorder","16":"featured","17":"downloadable","18":"shipping-taxable","19":"product-type-simple","20":"prodpage-style2"},"_links":{"self":[{"href":"https:\/\/mecanicaporta.com.ar\/autoelevadores\/wp-json\/wp\/v2\/product\/3517","targetHints":{"allow":["GET"]}}],"collection":[{"href":"https:\/\/mecanicaporta.com.ar\/autoelevadores\/wp-json\/wp\/v2\/product"}],"about":[{"href":"https:\/\/mecanicaporta.com.ar\/autoelevadores\/wp-json\/wp\/v2\/types\/product"}],"replies":[{"embeddable":true,"href":"https:\/\/mecanicaporta.com.ar\/autoelevadores\/wp-json\/wp\/v2\/comments?post=3517"}],"wp:featuredmedia":[{"embeddable":true,"href":"https:\/\/mecanicaporta.com.ar\/autoelevadores\/wp-json\/wp\/v2\/media\/5823"}],"wp:attachment":[{"href":"https:\/\/mecanicaporta.com.ar\/autoelevadores\/wp-json\/wp\/v2\/media?parent=3517"}],"wp:term":[{"taxonomy":"product_brand","embeddable":true,"href":"https:\/\/mecanicaporta.com.ar\/autoelevadores\/wp-json\/wp\/v2\/product_brand?post=3517"},{"taxonomy":"product_cat","embeddable":true,"href":"https:\/\/mecanicaporta.com.ar\/autoelevadores\/wp-json\/wp\/v2\/product_cat?post=3517"},{"taxonomy":"product_tag","embeddable":true,"href":"https:\/\/mecanicaporta.com.ar\/autoelevadores\/wp-json\/wp\/v2\/product_tag?post=3517"}],"curies":[{"name":"wp","href":"https:\/\/api.w.org\/{rel}","templated":true}]}}