{"id":3522,"date":"2021-07-23T16:49:35","date_gmt":"2021-07-23T19:49:35","guid":{"rendered":"http:\/\/mecanicaporta.com.ar\/autoelevadores\/?post_type=product&#038;p=3522"},"modified":"2026-03-19T10:26:36","modified_gmt":"2026-03-19T13:26:36","slug":"autoelevador-heli-litio-serieg-2500-kg","status":"publish","type":"product","link":"https:\/\/mecanicaporta.com.ar\/autoelevadores\/producto\/autoelevador-heli-litio-serieg-2500-kg\/","title":{"rendered":"AU <strong> Heli Litio &#8211; Serie G &#8211; 2.500 KG &#8211; Porta Autoelevadores <\/strong>"},"content":{"rendered":"<h3><strong>Detalle T\u00e9cnico<\/strong><\/h3>\n<ul>\n<li><strong>Carga m\u00e1xima:<\/strong> 2.500 kg.<\/li>\n<li><strong>Torre:<\/strong> 4.500 mm.<\/li>\n<li><strong>Desplazador Lateral:<\/strong> Cascade.<\/li>\n<li><strong>U\u00f1as:<\/strong> 1.070 mm.<\/li>\n<li><strong>Motor y Controlador:<\/strong> Corriente alterna<\/li>\n<li><strong>Bater\u00eda:<\/strong> Litio 48V<\/li>\n<\/ul>\n<p>Dos horas de carga son suficientes para un ciclo de 8 horas de trabajo.<\/p>\n<p>Sistema de cargas flexibles, f\u00e1ciles de operar sin da\u00f1ar la vida de la bater\u00eda, una bater\u00eda para dos turnos sin necesidad de cambio con mayor rentabilidad y seguridad.<\/p>\n<p>No requiere a\u00f1adir agua, libre mantenimiento diario.<\/p>\n<p>Permite prescindir de las costosas salas de carga de bater\u00eda.<\/p>\n<p>Tras 4.000 ciclos de carga m\u00e1s del 75% de autonom\u00eda restante.<\/p>\n<p>5 a\u00f1os de garant\u00eda.<\/p>\n<p>M\u00e1s del triple de vida \u00fatil de una bater\u00eda de plomo \u00e1cido.<\/p>\n<p>Sin metales pesados, sin corrosi\u00f3n por \u00e1cidos, sin vapores nocivos en el proceso de carga.<\/p>\n<p>Una bater\u00eda de litio HELI sustituye a un equipo doble de bater\u00eda.<\/p>\n<style>\n<p>.center-container {\n  display: flex;\n  justify-content: center;\n  align-items: center;\n  position: sticky;\n}<\/p>\n<p>.color-button {\nbackground-color: #d14d12;\n}<\/p>\n<\/style>\n<p><a href=\"https:\/\/api.whatsapp.com\/send?phone=543564507433\" type=\"submit\" class=\"single_add_to_cart_button color-button button alt\">Consultar Cotizaci\u00f3n<\/a> <\/p>\n","protected":false},"excerpt":{"rendered":"<p><strong>Marca:<\/strong> Heli | <strong>Capacidad:<\/strong> 2.500 kg<\/p>\n","protected":false},"featured_media":5827,"comment_status":"open","ping_status":"closed","template":"","meta":{"_joinchat":[]},"product_brand":[],"product_cat":[835,15,832],"product_tag":[558,540,517,845,813,587],"class_list":{"0":"post-3522","1":"product","2":"type-product","3":"status-publish","4":"has-post-thumbnail","6":"product_cat-2500-kg","7":"product_cat-autoelevadores","8":"product_cat-litio","9":"product_tag-2500-kg","10":"product_tag-autoelevador","11":"product_tag-heli","12":"product_tag-heli-litio","13":"product_tag-litio","14":"product_tag-serie-g","16":"first","17":"onbackorder","18":"featured","19":"downloadable","20":"shipping-taxable","21":"product-type-simple","22":"prodpage-style2"},"_links":{"self":[{"href":"https:\/\/mecanicaporta.com.ar\/autoelevadores\/wp-json\/wp\/v2\/product\/3522","targetHints":{"allow":["GET"]}}],"collection":[{"href":"https:\/\/mecanicaporta.com.ar\/autoelevadores\/wp-json\/wp\/v2\/product"}],"about":[{"href":"https:\/\/mecanicaporta.com.ar\/autoelevadores\/wp-json\/wp\/v2\/types\/product"}],"replies":[{"embeddable":true,"href":"https:\/\/mecanicaporta.com.ar\/autoelevadores\/wp-json\/wp\/v2\/comments?post=3522"}],"wp:featuredmedia":[{"embeddable":true,"href":"https:\/\/mecanicaporta.com.ar\/autoelevadores\/wp-json\/wp\/v2\/media\/5827"}],"wp:attachment":[{"href":"https:\/\/mecanicaporta.com.ar\/autoelevadores\/wp-json\/wp\/v2\/media?parent=3522"}],"wp:term":[{"taxonomy":"product_brand","embeddable":true,"href":"https:\/\/mecanicaporta.com.ar\/autoelevadores\/wp-json\/wp\/v2\/product_brand?post=3522"},{"taxonomy":"product_cat","embeddable":true,"href":"https:\/\/mecanicaporta.com.ar\/autoelevadores\/wp-json\/wp\/v2\/product_cat?post=3522"},{"taxonomy":"product_tag","embeddable":true,"href":"https:\/\/mecanicaporta.com.ar\/autoelevadores\/wp-json\/wp\/v2\/product_tag?post=3522"}],"curies":[{"name":"wp","href":"https:\/\/api.w.org\/{rel}","templated":true}]}}