{"id":5758,"date":"2025-07-24T10:28:54","date_gmt":"2025-07-24T13:28:54","guid":{"rendered":"https:\/\/mecanicaporta.com.ar\/autoelevadores\/?post_type=product&#038;p=5758"},"modified":"2026-03-19T10:22:34","modified_gmt":"2026-03-19T13:22:34","slug":"autoelevador-electrico-triciclo-1500-kg-2000-kg","status":"publish","type":"product","link":"https:\/\/mecanicaporta.com.ar\/autoelevadores\/producto\/autoelevador-electrico-triciclo-1500-kg-2000-kg\/","title":{"rendered":"AU <strong> El\u00e9ctrico Triciclo 1500 kg \/ 2000 kg &#8211; Porta Autoelevadores <\/strong>"},"content":{"rendered":"<h3><strong>Detalle T\u00e9cnico<\/strong><\/h3>\n<ul>\n<li>Modelo: G2 SERIE 1.5-2tn CPD15\/20SQ<\/li>\n<li>Capacidad: 1500 kg \/ 2000 kg<\/li>\n<li>M\u00e1stiles: D\u00faplex gran elevaci\u00f3n libre y tr\u00edplex hasta 6500 mm<\/li>\n<li>Motor: Tracci\u00f3n 2x 4,7 Kw y elevaci\u00f3n hasta 17,6 Kw en AC<\/li>\n<li>Electr\u00f3nica: AC Zapi o Curtis<\/li>\n<li>Rodado: Neum\u00e1tico o antihuella.<\/li>\n<\/ul>\n<style>\n<p>.center-container {\n  display: flex;\n  justify-content: center;\n  align-items: center;\n  position: sticky;\n}<\/p>\n<p>.color-button {\nbackground-color: #d14d12;\n}<\/p>\n<\/style>\n<p><a href=\"https:\/\/api.whatsapp.com\/send?phone=543564507433\" type=\"submit\" class=\"single_add_to_cart_button color-button button alt\">Consultar Cotizaci\u00f3n<\/a> <\/p>\n","protected":false},"excerpt":{"rendered":"<p><strong>Marca:<\/strong> Heli | <strong>Capacidad:<\/strong> 1.500 \/ 2000 kg<\/p>\n","protected":false},"featured_media":5826,"comment_status":"closed","ping_status":"closed","template":"","meta":{"_joinchat":[]},"product_brand":[],"product_cat":[833,836,834,15,832],"product_tag":[540,817,818],"class_list":{"0":"post-5758","1":"product","2":"type-product","3":"status-publish","4":"has-post-thumbnail","6":"product_cat-1500-kg","7":"product_cat-1800-kg","8":"product_cat-2000-kg","9":"product_cat-autoelevadores","10":"product_cat-litio","11":"product_tag-autoelevador","12":"product_tag-electrico","13":"product_tag-triciclo","15":"first","16":"instock","17":"shipping-taxable","18":"product-type-simple","19":"prodpage-style2"},"_links":{"self":[{"href":"https:\/\/mecanicaporta.com.ar\/autoelevadores\/wp-json\/wp\/v2\/product\/5758","targetHints":{"allow":["GET"]}}],"collection":[{"href":"https:\/\/mecanicaporta.com.ar\/autoelevadores\/wp-json\/wp\/v2\/product"}],"about":[{"href":"https:\/\/mecanicaporta.com.ar\/autoelevadores\/wp-json\/wp\/v2\/types\/product"}],"replies":[{"embeddable":true,"href":"https:\/\/mecanicaporta.com.ar\/autoelevadores\/wp-json\/wp\/v2\/comments?post=5758"}],"wp:featuredmedia":[{"embeddable":true,"href":"https:\/\/mecanicaporta.com.ar\/autoelevadores\/wp-json\/wp\/v2\/media\/5826"}],"wp:attachment":[{"href":"https:\/\/mecanicaporta.com.ar\/autoelevadores\/wp-json\/wp\/v2\/media?parent=5758"}],"wp:term":[{"taxonomy":"product_brand","embeddable":true,"href":"https:\/\/mecanicaporta.com.ar\/autoelevadores\/wp-json\/wp\/v2\/product_brand?post=5758"},{"taxonomy":"product_cat","embeddable":true,"href":"https:\/\/mecanicaporta.com.ar\/autoelevadores\/wp-json\/wp\/v2\/product_cat?post=5758"},{"taxonomy":"product_tag","embeddable":true,"href":"https:\/\/mecanicaporta.com.ar\/autoelevadores\/wp-json\/wp\/v2\/product_tag?post=5758"}],"curies":[{"name":"wp","href":"https:\/\/api.w.org\/{rel}","templated":true}]}}