{"id":5835,"date":"2025-08-14T08:46:57","date_gmt":"2025-08-14T11:46:57","guid":{"rendered":"https:\/\/mecanicaporta.com.ar\/autoelevadores\/?post_type=product&#038;p=5835"},"modified":"2026-03-19T10:21:29","modified_gmt":"2026-03-19T13:21:29","slug":"apilador-litio-cqdm15","status":"publish","type":"product","link":"https:\/\/mecanicaporta.com.ar\/autoelevadores\/producto\/apilador-litio-cqdm15\/","title":{"rendered":"<strong>Apilador Reach Litio CQDM15 &#8211; Porta Autoelevadores <\/strong>"},"content":{"rendered":"<h3><strong>Detalle T\u00e9cnico<\/strong><\/h3>\n<ul>\n<li>Capacidad: 1500 kg<\/li>\n<li>Altura M\u00e1xima: 2000 a 3500 mm<\/li>\n<li>Apilador m\u00e1stil retr\u00e1ctil<\/li>\n<li>Inclinaci\u00f3n horquillas<\/li>\n<li>Direcci\u00f3n electr\u00f3nica EPS de c\u00f3modo manejo<\/li>\n<li>Motor tracci\u00f3n AC sin escobillas ni mantenimiento<\/li>\n<li>Frenado regenerativo<\/li>\n<li>Reducci\u00f3n de velocidad en giros y con m\u00e1stil elevado para mayor seguridad<\/li>\n<\/ul>\n<style>\n<p>.center-container {\n  display: flex;\n  justify-content: center;\n  align-items: center;\n  position: sticky;\n}<\/p>\n<p>.color-button {\nbackground-color: #d14d12;\n}<\/p>\n<\/style>\n<p><a href=\"https:\/\/api.whatsapp.com\/send?phone=543564507433\" type=\"submit\" class=\"single_add_to_cart_button color-button button alt\">Consultar Cotizaci\u00f3n<\/a> <\/p>\n","protected":false},"excerpt":{"rendered":"<p><strong>Marca:<\/strong> Heli <\/p>\n","protected":false},"featured_media":5838,"comment_status":"closed","ping_status":"closed","template":"","meta":{"_joinchat":[]},"product_brand":[],"product_cat":[520],"product_tag":[],"class_list":{"0":"post-5835","1":"product","2":"type-product","3":"status-publish","4":"has-post-thumbnail","6":"product_cat-apiladores","8":"first","9":"instock","10":"shipping-taxable","11":"product-type-simple","12":"prodpage-style2"},"_links":{"self":[{"href":"https:\/\/mecanicaporta.com.ar\/autoelevadores\/wp-json\/wp\/v2\/product\/5835","targetHints":{"allow":["GET"]}}],"collection":[{"href":"https:\/\/mecanicaporta.com.ar\/autoelevadores\/wp-json\/wp\/v2\/product"}],"about":[{"href":"https:\/\/mecanicaporta.com.ar\/autoelevadores\/wp-json\/wp\/v2\/types\/product"}],"replies":[{"embeddable":true,"href":"https:\/\/mecanicaporta.com.ar\/autoelevadores\/wp-json\/wp\/v2\/comments?post=5835"}],"wp:featuredmedia":[{"embeddable":true,"href":"https:\/\/mecanicaporta.com.ar\/autoelevadores\/wp-json\/wp\/v2\/media\/5838"}],"wp:attachment":[{"href":"https:\/\/mecanicaporta.com.ar\/autoelevadores\/wp-json\/wp\/v2\/media?parent=5835"}],"wp:term":[{"taxonomy":"product_brand","embeddable":true,"href":"https:\/\/mecanicaporta.com.ar\/autoelevadores\/wp-json\/wp\/v2\/product_brand?post=5835"},{"taxonomy":"product_cat","embeddable":true,"href":"https:\/\/mecanicaporta.com.ar\/autoelevadores\/wp-json\/wp\/v2\/product_cat?post=5835"},{"taxonomy":"product_tag","embeddable":true,"href":"https:\/\/mecanicaporta.com.ar\/autoelevadores\/wp-json\/wp\/v2\/product_tag?post=5835"}],"curies":[{"name":"wp","href":"https:\/\/api.w.org\/{rel}","templated":true}]}}