{"id":5980,"date":"2025-10-16T08:15:33","date_gmt":"2025-10-16T11:15:33","guid":{"rendered":"https:\/\/mecanicaporta.com.ar\/autoelevadores\/?post_type=product&#038;p=5980"},"modified":"2026-03-19T11:58:46","modified_gmt":"2026-03-19T14:58:46","slug":"sensor-filtro-gasoil-autoelevador-toyota-diesel-1dz-serie-7-8-z","status":"publish","type":"product","link":"https:\/\/mecanicaporta.com.ar\/autoelevadores\/producto\/sensor-filtro-gasoil-autoelevador-toyota-diesel-1dz-serie-7-8-z\/","title":{"rendered":"SENSOR FILTRO GASOIL AUTOELEVADOR &#8211; Porta Autoelevadores"},"content":{"rendered":"<p>Sensor Filtro GasOil  Autoelevador <\/p>\n<p>Este sensor de filtro de gasoil su funci\u00f3n es monitorear el estado del filtro de gasoil, garantizando una filtraci\u00f3n eficiente y evitando la acumulaci\u00f3n de impurezas que puedan afectar el rendimiento del motor.<\/p>\n<style>\nbackrong-color: #F25C16;\n<\/style>\n<div style=\"width:300px;\" class=\"zn-buttonWrapper zn-buttonWrapper-eluid71e4d2e7 text-left\"><a href=\"https:\/\/wa.me\/c\/5493564221129\" id=\"eluid71e4d2e7\" class=\"eluid71e4d2e7  zn-button btn btn-primary btn--square btn-icon--before\" title=\"Consultar Cotizaci\u00f3n\" target=\"_self\" itemprop=\"url\" rel=\"noopener\"><span class=\"zn-buttonText\">Contactar Vendedor<\/span><\/a><\/div>\n","protected":false},"excerpt":{"rendered":"<p>Sensor Filtro GasOil Autoelevador Este sensor de filtro de gasoil su funci\u00f3n es monitorear el estado del filtro de gasoil, garantizando una filtraci\u00f3n eficiente y evitando la acumulaci\u00f3n de impurezas que puedan afectar el rendimiento del motor. Contactar Vendedor<\/p>\n","protected":false},"featured_media":6424,"comment_status":"closed","ping_status":"closed","template":"","meta":{"_joinchat":[]},"product_brand":[],"product_cat":[838,840],"product_tag":[540,847,848,849,846],"class_list":{"0":"post-5980","1":"product","2":"type-product","3":"status-publish","4":"has-post-thumbnail","6":"product_cat-filtros","7":"product_cat-repuestos","8":"product_tag-autoelevador","9":"product_tag-filtro","10":"product_tag-repuesto","11":"product_tag-repuesto-autoelevador","12":"product_tag-sensor","14":"first","15":"instock","16":"shipping-taxable","17":"product-type-simple","18":"prodpage-style2"},"_links":{"self":[{"href":"https:\/\/mecanicaporta.com.ar\/autoelevadores\/wp-json\/wp\/v2\/product\/5980","targetHints":{"allow":["GET"]}}],"collection":[{"href":"https:\/\/mecanicaporta.com.ar\/autoelevadores\/wp-json\/wp\/v2\/product"}],"about":[{"href":"https:\/\/mecanicaporta.com.ar\/autoelevadores\/wp-json\/wp\/v2\/types\/product"}],"replies":[{"embeddable":true,"href":"https:\/\/mecanicaporta.com.ar\/autoelevadores\/wp-json\/wp\/v2\/comments?post=5980"}],"wp:featuredmedia":[{"embeddable":true,"href":"https:\/\/mecanicaporta.com.ar\/autoelevadores\/wp-json\/wp\/v2\/media\/6424"}],"wp:attachment":[{"href":"https:\/\/mecanicaporta.com.ar\/autoelevadores\/wp-json\/wp\/v2\/media?parent=5980"}],"wp:term":[{"taxonomy":"product_brand","embeddable":true,"href":"https:\/\/mecanicaporta.com.ar\/autoelevadores\/wp-json\/wp\/v2\/product_brand?post=5980"},{"taxonomy":"product_cat","embeddable":true,"href":"https:\/\/mecanicaporta.com.ar\/autoelevadores\/wp-json\/wp\/v2\/product_cat?post=5980"},{"taxonomy":"product_tag","embeddable":true,"href":"https:\/\/mecanicaporta.com.ar\/autoelevadores\/wp-json\/wp\/v2\/product_tag?post=5980"}],"curies":[{"name":"wp","href":"https:\/\/api.w.org\/{rel}","templated":true}]}}