{"id":5981,"date":"2025-10-16T08:18:03","date_gmt":"2025-10-16T11:18:03","guid":{"rendered":"https:\/\/mecanicaporta.com.ar\/autoelevadores\/?post_type=product&#038;p=5981"},"modified":"2026-03-19T11:44:47","modified_gmt":"2026-03-19T14:44:47","slug":"filtro-hidraulico-retorno-autoelevadores-mitsubishi-caterpillar-nissan","status":"publish","type":"product","link":"https:\/\/mecanicaporta.com.ar\/autoelevadores\/producto\/filtro-hidraulico-retorno-autoelevadores-mitsubishi-caterpillar-nissan\/","title":{"rendered":"FILTRO HIDRAULICO RETORNO AUTOELEVADORES &#8211; Porta Autoelevadores"},"content":{"rendered":"<p>Filtro Hidraulico para autoelevadores<\/p>\n<p>Este filtro hidr\u00e1ulico de retorno es ideal para una amplia gama de autoelevadores. Su dise\u00f1o garantiza la protecci\u00f3n del sistema hidr\u00e1ulico, filtrando impurezas y part\u00edculas que podr\u00edan da\u00f1ar las bombas y los componentes hidr\u00e1ulicos.<\/p>\n<div style=\"width:300px;\" class=\"zn-buttonWrapper zn-buttonWrapper-eluid71e4d2e7 text-left\"><a href=\"https:\/\/wa.me\/c\/5493564221129\" id=\"eluid71e4d2e7\" class=\"eluid71e4d2e7  zn-button btn btn-primary btn--square btn-icon--before\" title=\"Consultar Cotizaci\u00f3n\" target=\"_self\" itemprop=\"url\" rel=\"noopener\"><span class=\"zn-buttonText\">Contactar Vendedor<\/span><\/a><\/div>\n","protected":false},"excerpt":{"rendered":"<p>Filtro Hidraulico para autoelevadores Este filtro hidr\u00e1ulico de retorno es ideal para una amplia gama de autoelevadores. Su dise\u00f1o garantiza la protecci\u00f3n del sistema hidr\u00e1ulico, filtrando impurezas y part\u00edculas que podr\u00edan da\u00f1ar las bombas y los componentes hidr\u00e1ulicos. Contactar Vendedor<\/p>\n","protected":false},"featured_media":6402,"comment_status":"closed","ping_status":"closed","template":"","meta":{"_joinchat":[]},"product_brand":[],"product_cat":[838,840],"product_tag":[],"class_list":{"0":"post-5981","1":"product","2":"type-product","3":"status-publish","4":"has-post-thumbnail","6":"product_cat-filtros","7":"product_cat-repuestos","9":"first","10":"instock","11":"shipping-taxable","12":"product-type-simple","13":"prodpage-style2"},"_links":{"self":[{"href":"https:\/\/mecanicaporta.com.ar\/autoelevadores\/wp-json\/wp\/v2\/product\/5981","targetHints":{"allow":["GET"]}}],"collection":[{"href":"https:\/\/mecanicaporta.com.ar\/autoelevadores\/wp-json\/wp\/v2\/product"}],"about":[{"href":"https:\/\/mecanicaporta.com.ar\/autoelevadores\/wp-json\/wp\/v2\/types\/product"}],"replies":[{"embeddable":true,"href":"https:\/\/mecanicaporta.com.ar\/autoelevadores\/wp-json\/wp\/v2\/comments?post=5981"}],"wp:featuredmedia":[{"embeddable":true,"href":"https:\/\/mecanicaporta.com.ar\/autoelevadores\/wp-json\/wp\/v2\/media\/6402"}],"wp:attachment":[{"href":"https:\/\/mecanicaporta.com.ar\/autoelevadores\/wp-json\/wp\/v2\/media?parent=5981"}],"wp:term":[{"taxonomy":"product_brand","embeddable":true,"href":"https:\/\/mecanicaporta.com.ar\/autoelevadores\/wp-json\/wp\/v2\/product_brand?post=5981"},{"taxonomy":"product_cat","embeddable":true,"href":"https:\/\/mecanicaporta.com.ar\/autoelevadores\/wp-json\/wp\/v2\/product_cat?post=5981"},{"taxonomy":"product_tag","embeddable":true,"href":"https:\/\/mecanicaporta.com.ar\/autoelevadores\/wp-json\/wp\/v2\/product_tag?post=5981"}],"curies":[{"name":"wp","href":"https:\/\/api.w.org\/{rel}","templated":true}]}}