{"id":6144,"date":"2025-11-06T10:41:03","date_gmt":"2025-11-06T13:41:03","guid":{"rendered":"https:\/\/mecanicaporta.com.ar\/autoelevadores\/?post_type=product&#038;p=6144"},"modified":"2026-03-19T11:42:48","modified_gmt":"2026-03-19T14:42:48","slug":"modulo-encendido-autoelevador-motor-mitsubishi-4g63-4g64","status":"publish","type":"product","link":"https:\/\/mecanicaporta.com.ar\/autoelevadores\/producto\/modulo-encendido-autoelevador-motor-mitsubishi-4g63-4g64\/","title":{"rendered":"MODULO ENCENDIDO AUTOELEVADOR &#8211; Porta Autoelevadores"},"content":{"rendered":"<p>Repuesto fundamental para el sistema de encendido, este m\u00f3dulo asegura una distribuci\u00f3n precisa de la corriente el\u00e9ctrica, garantizando una combusti\u00f3n eficiente y un mejor rendimiento del motor.<\/p>\n<div style=\"width:300px;\" class=\"zn-buttonWrapper zn-buttonWrapper-eluid71e4d2e7 text-left\"><a href=\"https:\/\/wa.me\/c\/5493564221129\" id=\"eluid71e4d2e7\" class=\"eluid71e4d2e7  zn-button btn btn-primary btn--square btn-icon--before\" title=\"Consultar Cotizaci\u00f3n\" target=\"_self\" itemprop=\"url\" rel=\"noopener\"><span class=\"zn-buttonText\">Contactar Vendedor<\/span><\/a><\/div>\n","protected":false},"excerpt":{"rendered":"<p>Repuesto fundamental para el sistema de encendido, este m\u00f3dulo asegura una distribuci\u00f3n precisa de la corriente el\u00e9ctrica, garantizando una combusti\u00f3n eficiente y un mejor rendimiento del motor. Contactar Vendedor<\/p>\n","protected":false},"featured_media":6105,"comment_status":"closed","ping_status":"closed","template":"","meta":{"_joinchat":[]},"product_brand":[],"product_cat":[839,840],"product_tag":[],"class_list":{"0":"post-6144","1":"product","2":"type-product","3":"status-publish","4":"has-post-thumbnail","6":"product_cat-encendido","7":"product_cat-repuestos","9":"first","10":"instock","11":"shipping-taxable","12":"product-type-simple","13":"prodpage-style2"},"_links":{"self":[{"href":"https:\/\/mecanicaporta.com.ar\/autoelevadores\/wp-json\/wp\/v2\/product\/6144","targetHints":{"allow":["GET"]}}],"collection":[{"href":"https:\/\/mecanicaporta.com.ar\/autoelevadores\/wp-json\/wp\/v2\/product"}],"about":[{"href":"https:\/\/mecanicaporta.com.ar\/autoelevadores\/wp-json\/wp\/v2\/types\/product"}],"replies":[{"embeddable":true,"href":"https:\/\/mecanicaporta.com.ar\/autoelevadores\/wp-json\/wp\/v2\/comments?post=6144"}],"wp:featuredmedia":[{"embeddable":true,"href":"https:\/\/mecanicaporta.com.ar\/autoelevadores\/wp-json\/wp\/v2\/media\/6105"}],"wp:attachment":[{"href":"https:\/\/mecanicaporta.com.ar\/autoelevadores\/wp-json\/wp\/v2\/media?parent=6144"}],"wp:term":[{"taxonomy":"product_brand","embeddable":true,"href":"https:\/\/mecanicaporta.com.ar\/autoelevadores\/wp-json\/wp\/v2\/product_brand?post=6144"},{"taxonomy":"product_cat","embeddable":true,"href":"https:\/\/mecanicaporta.com.ar\/autoelevadores\/wp-json\/wp\/v2\/product_cat?post=6144"},{"taxonomy":"product_tag","embeddable":true,"href":"https:\/\/mecanicaporta.com.ar\/autoelevadores\/wp-json\/wp\/v2\/product_tag?post=6144"}],"curies":[{"name":"wp","href":"https:\/\/api.w.org\/{rel}","templated":true}]}}