{"id":6246,"date":"2025-11-20T10:58:40","date_gmt":"2025-11-20T13:58:40","guid":{"rendered":"https:\/\/mecanicaporta.com.ar\/autoelevadores\/?post_type=product&#038;p=6246"},"modified":"2026-03-19T11:39:02","modified_gmt":"2026-03-19T14:39:02","slug":"reten-de-punta-de-eje-trasero-direccion-autoelevador-toyota-series-7-8-z-1-5tn-3tn-2","status":"publish","type":"product","link":"https:\/\/mecanicaporta.com.ar\/autoelevadores\/producto\/reten-de-punta-de-eje-trasero-direccion-autoelevador-toyota-series-7-8-z-1-5tn-3tn-2\/","title":{"rendered":"RETEN DE PUNTA DE EJE TRASERO DIRECCION AUTOELEVADOR &#8211; Porta Autoelevadores"},"content":{"rendered":"<p>Sello de alta calidad que protege la punta de eje trasero de direcci\u00f3n. Evita fugas de lubricante y el ingreso de contaminantes, garantizando un desempe\u00f1o \u00f3ptimo y una mayor durabilidad del sistema.<\/p>\n<div style=\"width:300px;\" class=\"zn-buttonWrapper zn-buttonWrapper-eluid71e4d2e7 text-left\"><a href=\"https:\/\/wa.me\/c\/5493564221129\" id=\"eluid71e4d2e7\" class=\"eluid71e4d2e7  zn-button btn btn-primary btn--square btn-icon--before\" title=\"Consultar Cotizaci\u00f3n\" target=\"_self\" itemprop=\"url\" rel=\"noopener\"><span class=\"zn-buttonText\">Contactar Vendedor<\/span><\/a><\/div>\n","protected":false},"excerpt":{"rendered":"<p>Sello de alta calidad que protege la punta de eje trasero de direcci\u00f3n. Evita fugas de lubricante y el ingreso de contaminantes, garantizando un desempe\u00f1o \u00f3ptimo y una mayor durabilidad del sistema. Contactar Vendedor<\/p>\n","protected":false},"featured_media":6247,"comment_status":"closed","ping_status":"closed","template":"","meta":{"_joinchat":[]},"product_brand":[],"product_cat":[841,840],"product_tag":[],"class_list":{"0":"post-6246","1":"product","2":"type-product","3":"status-publish","4":"has-post-thumbnail","6":"product_cat-eje-trasero","7":"product_cat-repuestos","9":"first","10":"instock","11":"shipping-taxable","12":"product-type-simple","13":"prodpage-style2"},"_links":{"self":[{"href":"https:\/\/mecanicaporta.com.ar\/autoelevadores\/wp-json\/wp\/v2\/product\/6246","targetHints":{"allow":["GET"]}}],"collection":[{"href":"https:\/\/mecanicaporta.com.ar\/autoelevadores\/wp-json\/wp\/v2\/product"}],"about":[{"href":"https:\/\/mecanicaporta.com.ar\/autoelevadores\/wp-json\/wp\/v2\/types\/product"}],"replies":[{"embeddable":true,"href":"https:\/\/mecanicaporta.com.ar\/autoelevadores\/wp-json\/wp\/v2\/comments?post=6246"}],"wp:featuredmedia":[{"embeddable":true,"href":"https:\/\/mecanicaporta.com.ar\/autoelevadores\/wp-json\/wp\/v2\/media\/6247"}],"wp:attachment":[{"href":"https:\/\/mecanicaporta.com.ar\/autoelevadores\/wp-json\/wp\/v2\/media?parent=6246"}],"wp:term":[{"taxonomy":"product_brand","embeddable":true,"href":"https:\/\/mecanicaporta.com.ar\/autoelevadores\/wp-json\/wp\/v2\/product_brand?post=6246"},{"taxonomy":"product_cat","embeddable":true,"href":"https:\/\/mecanicaporta.com.ar\/autoelevadores\/wp-json\/wp\/v2\/product_cat?post=6246"},{"taxonomy":"product_tag","embeddable":true,"href":"https:\/\/mecanicaporta.com.ar\/autoelevadores\/wp-json\/wp\/v2\/product_tag?post=6246"}],"curies":[{"name":"wp","href":"https:\/\/api.w.org\/{rel}","templated":true}]}}